{"id":1384,"date":"2021-12-13T17:15:24","date_gmt":"2021-12-13T16:15:24","guid":{"rendered":"https:\/\/one-page-copymedia.com\/jacques-guiset\/?post_type=product&#038;p=1384"},"modified":"2021-12-13T17:22:20","modified_gmt":"2021-12-13T16:22:20","slug":"le-temps-une-creation-du-big-bang","status":"publish","type":"product","link":"https:\/\/one-page-copymedia.com\/jacques-guiset\/produit\/le-temps-une-creation-du-big-bang\/","title":{"rendered":"Le temps, une cr\u00e9ation du Big Bang"},"content":{"rendered":"<p>La m\u00e9canique quantique et la relativit\u00e9 ont boulevers\u00e9 la cosmologie au XXI \u00e9me si\u00e8cle, ce qui oblige les chercheurs \u00e0 repenser les confins de la connaissance. Jacques GUISET, r\u00e9pond dans ce livre \u00e0 ces d\u00e9fis en formulant de nouvelles hypoth\u00e8ses scientifiques, r\u00e9volutionnaires et fascinantes, sur la compr\u00e9hension de notre univers.<\/p>\n<p>Celle de la singularit\u00e9, comme d\u00e9nominateur commun de tous les \u00e9l\u00e9ments qui composent l\u2019univers. Qu\u2019ils soient macro ou microscopiques, qu\u2019ils s\u2019agissent de photons, d\u2019individus ou ou de plan\u00e8tes, chaque \u00e9l\u00e9ment de l\u2019univers \u00e0 une Energie propre, donc un temps propre et une identit\u00e9 diff\u00e9rente des autres.<\/p>\n<p>Celle des univers emboit\u00e9s les uns dans les autres, sorte de multivers, comme le sugg\u00e8re Everett, mais pas n\u00e9cessairement c\u00f4te \u00e0 c\u00f4te.<\/p>\n<p>Celle du temps comme une d\u00e9riv\u00e9e de l\u2019Energie. L\u2019\u00e9nergie d\u00e9ploy\u00e9e lors du big bang se transforme en temps et en espace. Le temps n\u2019existait pas avant lui et disparaitra \u00e0 la fin des temps. La variable temps a donc une double ou triple signification, ce qui permet \u00e0 l\u2019auteur de diff\u00e9rencier le temps relativiste, celui de l\u2019espace-temps einsteinien, du temps aristot\u00e9licien ou newtonien, bien que les mots soient identiques. Le temps reste une cr\u00e9ation locale dont l\u2019\u00e9quation de Boltzmann lui sert de mod\u00e8le pour d\u00e9crire son \u00e9quivalent \u00e9nerg\u00e9tique, et devenir une sorte de transform\u00e9e Lagrangienne de l\u2019Energie sans temps, un pseudo-hamiltonien.<\/p>\n<p>Jacques GUISET, dipl\u00f4m\u00e9 de math\u00e9matiques et de physique, ancien chercheur \u00e0 Harvard, est \u00e9galement m\u00e9decin, auteur de nombreux livres et publications scientifiques.<\/p>\n","protected":false},"excerpt":{"rendered":"<p>La m\u00e9canique quantique et la relativit\u00e9 ont boulevers\u00e9 la cosmologie au XXI \u00e9me si\u00e8cle, ce qui oblige les chercheurs \u00e0 repenser les confins de la connaissance. Jacques GUISET, r\u00e9pond dans ce livre \u00e0 ces d\u00e9fis en formulant de nouvelles hypoth\u00e8ses scientifiques&#8230;<\/p>\n","protected":false},"featured_media":1373,"comment_status":"open","ping_status":"closed","template":"","meta":[],"product_brand":[],"product_cat":[67],"product_tag":[],"class_list":{"0":"post-1384","1":"product","2":"type-product","3":"status-publish","4":"has-post-thumbnail","6":"product_cat-non-classe","8":"first","9":"instock","10":"shipping-taxable","11":"purchasable","12":"product-type-variable"},"yoast_head":"<!-- This site is optimized with the Yoast SEO plugin v24.8.1 - https:\/\/yoast.com\/wordpress\/plugins\/seo\/ -->\n<title>Le temps, une cr\u00e9ation du Big Bang - jacques-guiset<\/title>\n<meta name=\"robots\" content=\"index, follow, max-snippet:-1, max-image-preview:large, max-video-preview:-1\" \/>\n<link rel=\"canonical\" href=\"https:\/\/one-page-copymedia.com\/jacques-guiset\/produit\/le-temps-une-creation-du-big-bang\/\" \/>\n<meta property=\"og:locale\" content=\"fr_FR\" \/>\n<meta property=\"og:type\" content=\"article\" \/>\n<meta property=\"og:title\" content=\"Le temps, une cr\u00e9ation du Big Bang - jacques-guiset\" \/>\n<meta property=\"og:description\" content=\"La m\u00e9canique quantique et la relativit\u00e9 ont boulevers\u00e9 la cosmologie au XXI \u00e9me si\u00e8cle, ce qui oblige les chercheurs \u00e0 repenser les confins de la connaissance. Jacques GUISET, r\u00e9pond dans ce livre \u00e0 ces d\u00e9fis en formulant de nouvelles hypoth\u00e8ses scientifiques...\" \/>\n<meta property=\"og:url\" content=\"https:\/\/one-page-copymedia.com\/jacques-guiset\/produit\/le-temps-une-creation-du-big-bang\/\" \/>\n<meta property=\"og:site_name\" content=\"jacques-guiset\" \/>\n<meta property=\"article:modified_time\" content=\"2021-12-13T16:22:20+00:00\" \/>\n<meta property=\"og:image\" content=\"https:\/\/one-page-copymedia.com\/jacques-guiset\/wp-content\/uploads\/sites\/16\/2016\/06\/131591_C_V1-1.jpg\" \/>\n\t<meta property=\"og:image:width\" content=\"1659\" \/>\n\t<meta property=\"og:image:height\" content=\"2380\" \/>\n\t<meta property=\"og:image:type\" content=\"image\/jpeg\" \/>\n<meta name=\"twitter:card\" content=\"summary_large_image\" \/>\n<meta name=\"twitter:label1\" content=\"Dur\u00e9e de lecture estim\u00e9e\" \/>\n\t<meta name=\"twitter:data1\" content=\"1 minute\" \/>\n<script type=\"application\/ld+json\" class=\"yoast-schema-graph\">{\"@context\":\"https:\/\/schema.org\",\"@graph\":[{\"@type\":\"WebPage\",\"@id\":\"https:\/\/one-page-copymedia.com\/jacques-guiset\/produit\/le-temps-une-creation-du-big-bang\/\",\"url\":\"https:\/\/one-page-copymedia.com\/jacques-guiset\/produit\/le-temps-une-creation-du-big-bang\/\",\"name\":\"Le temps, une cr\u00e9ation du Big Bang - jacques-guiset\",\"isPartOf\":{\"@id\":\"https:\/\/one-page-copymedia.com\/jacques-guiset\/#website\"},\"primaryImageOfPage\":{\"@id\":\"https:\/\/one-page-copymedia.com\/jacques-guiset\/produit\/le-temps-une-creation-du-big-bang\/#primaryimage\"},\"image\":{\"@id\":\"https:\/\/one-page-copymedia.com\/jacques-guiset\/produit\/le-temps-une-creation-du-big-bang\/#primaryimage\"},\"thumbnailUrl\":\"https:\/\/one-page-copymedia.com\/jacques-guiset\/wp-content\/uploads\/sites\/16\/2016\/06\/131591_C_V1-1.jpg\",\"datePublished\":\"2021-12-13T16:15:24+00:00\",\"dateModified\":\"2021-12-13T16:22:20+00:00\",\"breadcrumb\":{\"@id\":\"https:\/\/one-page-copymedia.com\/jacques-guiset\/produit\/le-temps-une-creation-du-big-bang\/#breadcrumb\"},\"inLanguage\":\"fr-FR\",\"potentialAction\":[{\"@type\":\"ReadAction\",\"target\":[\"https:\/\/one-page-copymedia.com\/jacques-guiset\/produit\/le-temps-une-creation-du-big-bang\/\"]}]},{\"@type\":\"ImageObject\",\"inLanguage\":\"fr-FR\",\"@id\":\"https:\/\/one-page-copymedia.com\/jacques-guiset\/produit\/le-temps-une-creation-du-big-bang\/#primaryimage\",\"url\":\"https:\/\/one-page-copymedia.com\/jacques-guiset\/wp-content\/uploads\/sites\/16\/2016\/06\/131591_C_V1-1.jpg\",\"contentUrl\":\"https:\/\/one-page-copymedia.com\/jacques-guiset\/wp-content\/uploads\/sites\/16\/2016\/06\/131591_C_V1-1.jpg\",\"width\":1659,\"height\":2380},{\"@type\":\"BreadcrumbList\",\"@id\":\"https:\/\/one-page-copymedia.com\/jacques-guiset\/produit\/le-temps-une-creation-du-big-bang\/#breadcrumb\",\"itemListElement\":[{\"@type\":\"ListItem\",\"position\":1,\"name\":\"Accueil\",\"item\":\"https:\/\/one-page-copymedia.com\/jacques-guiset\/\"},{\"@type\":\"ListItem\",\"position\":2,\"name\":\"Le temps, une cr\u00e9ation du Big Bang\"}]},{\"@type\":\"WebSite\",\"@id\":\"https:\/\/one-page-copymedia.com\/jacques-guiset\/#website\",\"url\":\"https:\/\/one-page-copymedia.com\/jacques-guiset\/\",\"name\":\"jacques-guiset\",\"description\":\"LE BIJOU DANS LA COQUILLE\",\"potentialAction\":[{\"@type\":\"SearchAction\",\"target\":{\"@type\":\"EntryPoint\",\"urlTemplate\":\"https:\/\/one-page-copymedia.com\/jacques-guiset\/?s={search_term_string}\"},\"query-input\":{\"@type\":\"PropertyValueSpecification\",\"valueRequired\":true,\"valueName\":\"search_term_string\"}}],\"inLanguage\":\"fr-FR\"}]}<\/script>\n<!-- \/ Yoast SEO plugin. -->","yoast_head_json":{"title":"Le temps, une cr\u00e9ation du Big Bang - jacques-guiset","robots":{"index":"index","follow":"follow","max-snippet":"max-snippet:-1","max-image-preview":"max-image-preview:large","max-video-preview":"max-video-preview:-1"},"canonical":"https:\/\/one-page-copymedia.com\/jacques-guiset\/produit\/le-temps-une-creation-du-big-bang\/","og_locale":"fr_FR","og_type":"article","og_title":"Le temps, une cr\u00e9ation du Big Bang - jacques-guiset","og_description":"La m\u00e9canique quantique et la relativit\u00e9 ont boulevers\u00e9 la cosmologie au XXI \u00e9me si\u00e8cle, ce qui oblige les chercheurs \u00e0 repenser les confins de la connaissance. Jacques GUISET, r\u00e9pond dans ce livre \u00e0 ces d\u00e9fis en formulant de nouvelles hypoth\u00e8ses scientifiques...","og_url":"https:\/\/one-page-copymedia.com\/jacques-guiset\/produit\/le-temps-une-creation-du-big-bang\/","og_site_name":"jacques-guiset","article_modified_time":"2021-12-13T16:22:20+00:00","og_image":[{"width":1659,"height":2380,"url":"https:\/\/one-page-copymedia.com\/jacques-guiset\/wp-content\/uploads\/sites\/16\/2016\/06\/131591_C_V1-1.jpg","type":"image\/jpeg"}],"twitter_card":"summary_large_image","twitter_misc":{"Dur\u00e9e de lecture estim\u00e9e":"1 minute"},"schema":{"@context":"https:\/\/schema.org","@graph":[{"@type":"WebPage","@id":"https:\/\/one-page-copymedia.com\/jacques-guiset\/produit\/le-temps-une-creation-du-big-bang\/","url":"https:\/\/one-page-copymedia.com\/jacques-guiset\/produit\/le-temps-une-creation-du-big-bang\/","name":"Le temps, une cr\u00e9ation du Big Bang - jacques-guiset","isPartOf":{"@id":"https:\/\/one-page-copymedia.com\/jacques-guiset\/#website"},"primaryImageOfPage":{"@id":"https:\/\/one-page-copymedia.com\/jacques-guiset\/produit\/le-temps-une-creation-du-big-bang\/#primaryimage"},"image":{"@id":"https:\/\/one-page-copymedia.com\/jacques-guiset\/produit\/le-temps-une-creation-du-big-bang\/#primaryimage"},"thumbnailUrl":"https:\/\/one-page-copymedia.com\/jacques-guiset\/wp-content\/uploads\/sites\/16\/2016\/06\/131591_C_V1-1.jpg","datePublished":"2021-12-13T16:15:24+00:00","dateModified":"2021-12-13T16:22:20+00:00","breadcrumb":{"@id":"https:\/\/one-page-copymedia.com\/jacques-guiset\/produit\/le-temps-une-creation-du-big-bang\/#breadcrumb"},"inLanguage":"fr-FR","potentialAction":[{"@type":"ReadAction","target":["https:\/\/one-page-copymedia.com\/jacques-guiset\/produit\/le-temps-une-creation-du-big-bang\/"]}]},{"@type":"ImageObject","inLanguage":"fr-FR","@id":"https:\/\/one-page-copymedia.com\/jacques-guiset\/produit\/le-temps-une-creation-du-big-bang\/#primaryimage","url":"https:\/\/one-page-copymedia.com\/jacques-guiset\/wp-content\/uploads\/sites\/16\/2016\/06\/131591_C_V1-1.jpg","contentUrl":"https:\/\/one-page-copymedia.com\/jacques-guiset\/wp-content\/uploads\/sites\/16\/2016\/06\/131591_C_V1-1.jpg","width":1659,"height":2380},{"@type":"BreadcrumbList","@id":"https:\/\/one-page-copymedia.com\/jacques-guiset\/produit\/le-temps-une-creation-du-big-bang\/#breadcrumb","itemListElement":[{"@type":"ListItem","position":1,"name":"Accueil","item":"https:\/\/one-page-copymedia.com\/jacques-guiset\/"},{"@type":"ListItem","position":2,"name":"Le temps, une cr\u00e9ation du Big Bang"}]},{"@type":"WebSite","@id":"https:\/\/one-page-copymedia.com\/jacques-guiset\/#website","url":"https:\/\/one-page-copymedia.com\/jacques-guiset\/","name":"jacques-guiset","description":"LE BIJOU DANS LA COQUILLE","potentialAction":[{"@type":"SearchAction","target":{"@type":"EntryPoint","urlTemplate":"https:\/\/one-page-copymedia.com\/jacques-guiset\/?s={search_term_string}"},"query-input":{"@type":"PropertyValueSpecification","valueRequired":true,"valueName":"search_term_string"}}],"inLanguage":"fr-FR"}]}},"_links":{"self":[{"href":"https:\/\/one-page-copymedia.com\/jacques-guiset\/wp-json\/wp\/v2\/product\/1384","targetHints":{"allow":["GET"]}}],"collection":[{"href":"https:\/\/one-page-copymedia.com\/jacques-guiset\/wp-json\/wp\/v2\/product"}],"about":[{"href":"https:\/\/one-page-copymedia.com\/jacques-guiset\/wp-json\/wp\/v2\/types\/product"}],"replies":[{"embeddable":true,"href":"https:\/\/one-page-copymedia.com\/jacques-guiset\/wp-json\/wp\/v2\/comments?post=1384"}],"wp:featuredmedia":[{"embeddable":true,"href":"https:\/\/one-page-copymedia.com\/jacques-guiset\/wp-json\/wp\/v2\/media\/1373"}],"wp:attachment":[{"href":"https:\/\/one-page-copymedia.com\/jacques-guiset\/wp-json\/wp\/v2\/media?parent=1384"}],"wp:term":[{"taxonomy":"product_brand","embeddable":true,"href":"https:\/\/one-page-copymedia.com\/jacques-guiset\/wp-json\/wp\/v2\/product_brand?post=1384"},{"taxonomy":"product_cat","embeddable":true,"href":"https:\/\/one-page-copymedia.com\/jacques-guiset\/wp-json\/wp\/v2\/product_cat?post=1384"},{"taxonomy":"product_tag","embeddable":true,"href":"https:\/\/one-page-copymedia.com\/jacques-guiset\/wp-json\/wp\/v2\/product_tag?post=1384"}],"curies":[{"name":"wp","href":"https:\/\/api.w.org\/{rel}","templated":true}]}}